{"id":217,"date":"2014-12-02T17:22:17","date_gmt":"2014-12-02T15:22:17","guid":{"rendered":"http:\/\/test.prolifeclinics.ro\/?page_id=215"},"modified":"2014-12-02T17:22:17","modified_gmt":"2014-12-02T15:22:17","slug":"adrese-utile","status":"publish","type":"page","link":"http:\/\/clienti.prolifeclinics.ro\/index.php\/adrese-utile\/","title":{"rendered":"Adrese utile"},"content":{"rendered":"<h3 style=\"text-align: left;\">Ministeru S\u0103n\u0103t\u0103\u021bii<\/h3>\n<p style=\"text-align: left;\"><em>Intr. Cristian Popi\u015fteanu, nr. 1-3, sector 1,<\/em><br \/>\n<em>cod 010024, Bucure\u015fti<br \/>\n<\/em><em>Telefoane central\u0103:<br \/>\n<\/em><em>+4 021 3072 500<br \/>\n<\/em><em>+4 021 3072 600<br \/>\n<\/em><em>Registratura<br \/>\n<\/em><em>Tel: 021 3072 535<br \/>\n<\/em><em>Program:<br \/>\n<\/em><em>Luni, Mar\u0163i, Miercuri: orele 9 &#8211; 15<br \/>\n<\/em><em>Joi: 9 &#8211; 18<br \/>\n<\/em><em>Vineri: 9 &#8211; 13<br \/>\n<\/em><em>Informa\u021bii Rela\u0163ii Publice<br \/>\n<\/em><em>Tel: 021 3072 514<br \/>\n<\/em><em>Mass-media poate adresa intreb\u0103ri Biroului de Pres\u0103 la:<br \/>\n<\/em><em>Tel.: 021 3072514<br \/>\n<\/em><em>e-mail: presa@ms.ro \/ presa_ms@yahoo.com<\/em><\/p>\n<h3 style=\"text-align: left;\">Direc\u021bia de s\u0103n\u0103tate public\u0103 Ia\u0219i &#8211; DSP Ia\u0219i<\/h3>\n<p>Secretariat Director: 0232 &#8211; 271 687<br \/>\nFax: 0232 &#8211; 241 963<br \/>\nCentrala: 0232 &#8211; 210900<br \/>\nEmail:\u00a0<a href=\"mailto:dspj.iasi@dspiasi.ro\">dspj.iasi@dspiasi.ro<br \/>\n<\/a>Email:\u00a0<a href=\"mailto:dsp99@dspiasi.ro\">dsp99@dspiasi.ro<\/a><\/p>\n<h3>Casa Jude\u0163ean\u0103 de Asigur\u0103ri de S\u0103n\u0103tate Iasi<\/h3>\n<p>Adresa:<br \/>\nStr. Gh.Asachi, Nr. 18,\u00a0<strong>700483<\/strong>, Iasi<br \/>\ncentrala: 0232-218630<br \/>\nfax: 0232-218641<br \/>\ntel verde:\u00a00-800-800-983<\/p>\n<h3>Autoritatea Na\u021bional\u0103 de Management al Calit\u0103\u021bii \u00een S\u0103n\u0103tate<\/h3>\n<p>Splaiul Independentei nr.202A,<br \/>\nSector 6, Bucuresti 060022<br \/>\nTel.: +40 21 211.52.75, Fax: +40 21 211.51.05<br \/>\nE-mail: info@anmcs.gov.ro<\/p>\n","protected":false},"excerpt":{"rendered":"<p>Ministeru S\u0103n\u0103t\u0103\u021bii Intr. Cristian Popi\u015fteanu, nr. 1-3, sector 1, cod 010024, Bucure\u015fti Telefoane central\u0103: +4 021 3072 500 +4 021 3072 600 Registratura Tel: 021 3072 535 Program: Luni, Mar\u0163i, Miercuri: orele 9 &#8211; 15 Joi: 9 &#8211; 18 Vineri: 9 &#8211; 13 Informa\u021bii Rela\u0163ii Publice Tel: 021 3072 514 Mass-media poate adresa intreb\u0103ri Biroului [&hellip;]<\/p>\n","protected":false},"author":1,"featured_media":0,"parent":0,"menu_order":0,"comment_status":"closed","ping_status":"closed","template":"","meta":{"footnotes":""},"_links":{"self":[{"href":"http:\/\/clienti.prolifeclinics.ro\/index.php\/wp-json\/wp\/v2\/pages\/217"}],"collection":[{"href":"http:\/\/clienti.prolifeclinics.ro\/index.php\/wp-json\/wp\/v2\/pages"}],"about":[{"href":"http:\/\/clienti.prolifeclinics.ro\/index.php\/wp-json\/wp\/v2\/types\/page"}],"author":[{"embeddable":true,"href":"http:\/\/clienti.prolifeclinics.ro\/index.php\/wp-json\/wp\/v2\/users\/1"}],"replies":[{"embeddable":true,"href":"http:\/\/clienti.prolifeclinics.ro\/index.php\/wp-json\/wp\/v2\/comments?post=217"}],"version-history":[{"count":0,"href":"http:\/\/clienti.prolifeclinics.ro\/index.php\/wp-json\/wp\/v2\/pages\/217\/revisions"}],"wp:attachment":[{"href":"http:\/\/clienti.prolifeclinics.ro\/index.php\/wp-json\/wp\/v2\/media?parent=217"}],"curies":[{"name":"wp","href":"https:\/\/api.w.org\/{rel}","templated":true}]}}