{"id":4897,"date":"2014-12-03T08:00:02","date_gmt":"2014-12-03T08:00:02","guid":{"rendered":"http:\/\/ingineriemedicala.com\/?page_id=281"},"modified":"2014-12-03T08:00:02","modified_gmt":"2014-12-03T08:00:02","slug":"criterii-de-informare","status":"publish","type":"page","link":"http:\/\/clienti.prolifeclinics.ro\/index.php\/criterii-de-informare\/","title":{"rendered":"Criterii de internare"},"content":{"rendered":"<div title=\"Page 1\" class=\"page\">\n<div class=\"layoutArea\">\n<div class=\"column\">\n<h4 style=\"text-align: center;\">CRITERII DE INTERNARE \u00ceN SPITALIZAREA DE ZI<\/h4>\n<p>&nbsp;<\/p>\n<p>Internarea \u00een spitalizarea de zi este alc\u0103tuit\u0103 din una sau mai multe intr\u0103ri de scurt\u0103 durat\u0103 (c\u00e2teva ore).<\/p>\n<p>Internarea este folosit\u0103 cu sensul de acces \u00een spitalizare de zi pentru a beneficia de diverse servicii medicale. Aceasta se poate repeta de mai multe ori \u00een interval de c\u00e2teva zile sau poate avea caden\u021be periodice \u0219i, \u00een principiu, este programabil\u0103.<\/p>\n<p>Internarea poate fi facut\u0103 de orice structur\u0103 func\u021bional\u0103 cu paturi, cu profil medical sau chirugical sau \u00een structurile specializate de tip \u201espitalizare de zi\u201d.<\/p>\n<p>Internarea este exclusiv diurn\u0103 \u0219i fiecare intrare acoper\u0103 maxim 12 ore.<\/p>\n<\/div>\n<\/div>\n<\/div>\n","protected":false},"excerpt":{"rendered":"<p>CRITERII DE INTERNARE \u00ceN SPITALIZAREA DE ZI &nbsp; Internarea \u00een spitalizarea de zi este alc\u0103tuit\u0103 din una sau mai multe intr\u0103ri de scurt\u0103 durat\u0103 (c\u00e2teva ore). Internarea este folosit\u0103 cu sensul de acces \u00een spitalizare de zi pentru a beneficia de diverse servicii medicale. Aceasta se poate repeta de mai multe ori \u00een interval de [&hellip;]<\/p>\n","protected":false},"author":1,"featured_media":0,"parent":0,"menu_order":0,"comment_status":"closed","ping_status":"closed","template":"","meta":{"footnotes":""},"_links":{"self":[{"href":"http:\/\/clienti.prolifeclinics.ro\/index.php\/wp-json\/wp\/v2\/pages\/4897"}],"collection":[{"href":"http:\/\/clienti.prolifeclinics.ro\/index.php\/wp-json\/wp\/v2\/pages"}],"about":[{"href":"http:\/\/clienti.prolifeclinics.ro\/index.php\/wp-json\/wp\/v2\/types\/page"}],"author":[{"embeddable":true,"href":"http:\/\/clienti.prolifeclinics.ro\/index.php\/wp-json\/wp\/v2\/users\/1"}],"replies":[{"embeddable":true,"href":"http:\/\/clienti.prolifeclinics.ro\/index.php\/wp-json\/wp\/v2\/comments?post=4897"}],"version-history":[{"count":0,"href":"http:\/\/clienti.prolifeclinics.ro\/index.php\/wp-json\/wp\/v2\/pages\/4897\/revisions"}],"wp:attachment":[{"href":"http:\/\/clienti.prolifeclinics.ro\/index.php\/wp-json\/wp\/v2\/media?parent=4897"}],"curies":[{"name":"wp","href":"https:\/\/api.w.org\/{rel}","templated":true}]}}