{"id":4770,"date":"2019-06-03T15:07:47","date_gmt":"2019-06-03T13:07:47","guid":{"rendered":"http:\/\/prolifeclinics.ro\/?page_id=4770"},"modified":"2019-06-03T15:07:47","modified_gmt":"2019-06-03T13:07:47","slug":"informatii-coplata","status":"publish","type":"page","link":"https:\/\/clienti.prolifeclinics.ro\/index.php\/informatii-coplata\/","title":{"rendered":"Informatii coplata"},"content":{"rendered":"<h3 style=\"text-align: center;\"><strong>INFORMA\u021aII PRIVIND COPLATA<\/strong><\/h3>\n<p>Valoarea copl\u0103\u0163ii este stabilit\u0103 de fiecare unitate sanitar\u0103 cu paturi pe baz\u0103 de criterii proprii, cu avizul Consiliului de administra\u0163ie al unit\u0103\u0163ii sanitare respective.<\/p>\n<p><strong>\u00a0 \u00a0 \u00a0 \u00a0 \u00a0 \u00a0\u00cen cadrul clinicii noastre, nu se percepe tax\u0103 pentru coplata !<\/strong><\/p>\n<p>Furnizorii de servicii medicale afla\u0163i \u00een rela\u0163ii contractuale cu casele de asigur\u0103ri de s\u0103n\u0103tate pentru serviciile medicale spitalice\u015fti contractate, \u00eencaseaz\u0103 din partea asiguratului numai sumele reprezent\u00e2nd coplata \u015fi contravaloarea serviciilor hoteliere cu grad ridicat de confort.<\/p>\n<p>Conform cadrului legal, sunt scutite de la coplat\u0103 urm\u0103toarele categorii de asigura\u021bi :<\/p>\n<ol>\n<li>a) copiii p\u00e2n\u0103 la v\u00e2rsta de 18 ani, tinerii \u00eentre 18 ani \u015fi 26 de ani, dac\u0103 sunt elevi, absolven\u0163i de liceu, p\u00e2n\u0103 la \u00eenceperea anului universitar, dar nu mai mult de 3 luni, ucenicii sau studen\u0163ii, dac\u0103 nu realizeaz\u0103 venituri din munc\u0103;<\/li>\n<li>b) bolnavii cu afec\u0163iuni incluse \u00een programele na\u0163ionale de s\u0103n\u0103tate stabilite de Ministerul S\u0103n\u0103t\u0103\u0163ii, pentru serviciile medicale aferente bolii de baz\u0103 a respectivei afec\u0163iuni, dac\u0103 nu realizeaz\u0103 venituri din munc\u0103, pensie sau din alte resurse;<\/li>\n<li>c) persoanele fizice cu venituri din pensii \u015fi indemniza\u0163ie social\u0103 pentru pensionari, de p\u00e2n\u0103 la 900 lei\/lun\u0103 inclusiv, indiferent dac\u0103 realizeaz\u0103 sau nu alte venituri;<\/li>\n<li>d) toate femeile \u00eens\u0103rcinate \u015fi l\u0103uzele, pentru servicii medicale legate de evolu\u0163ia sarcinii, iar cele care nu au niciun venit sau au venituri sub salariul de baz\u0103 minim brut pe \u0163ar\u0103, pentru toate serviciile medicale.<\/li>\n<\/ol>\n<p>Categoriile de asigura\u0163i scutite de coplat\u0103, prev\u0103zute la art. 225 din Legea nr. 95\/2006,\u00a0republicat\u0103, cu modific\u0103rile \u015fi complet\u0103rile ulterioare, fac dovada acestei calit\u0103\u0163i cu documente\u00a0eliberate de autorit\u0103\u0163ile competente c\u0103 se \u00eencadreaz\u0103 \u00een respectiva categorie, precum \u015fi cu documente \u015fi\/sau, dup\u0103 caz, cu declara\u0163ie pe propria r\u0103spundere c\u0103 \u00eendeplinesc condi\u0163iile privind realizarea sau nu a unor venituri, conform modelului prev\u0103zut \u00een anexa nr. 23 D la norme de aplicare a contractului cadru.<\/p>\n<p><img loading=\"lazy\" decoding=\"async\" class=\"size-full wp-image-4771 aligncenter\" src=\"http:\/\/prolifeclinics.ro\/wp-content\/uploads\/2019\/06\/2.-Foto-dupa-informatii-coplata.png\" alt=\"\" width=\"256\" height=\"197\" \/><\/p>\n<p>&nbsp;<\/p>\n","protected":false},"excerpt":{"rendered":"<p>INFORMA\u021aII PRIVIND COPLATA Valoarea copl\u0103\u0163ii este stabilit\u0103 de fiecare unitate sanitar\u0103 cu paturi pe baz\u0103 de criterii proprii, cu avizul Consiliului de administra\u0163ie al unit\u0103\u0163ii sanitare respective. \u00a0 \u00a0 \u00a0 \u00a0 \u00a0 \u00a0\u00cen cadrul clinicii noastre, nu se percepe tax\u0103 pentru coplata ! Furnizorii de servicii medicale afla\u0163i \u00een rela\u0163ii contractuale cu casele de asigur\u0103ri [&hellip;]<\/p>\n","protected":false},"author":1,"featured_media":4771,"parent":0,"menu_order":0,"comment_status":"closed","ping_status":"closed","template":"","meta":{"footnotes":""},"_links":{"self":[{"href":"https:\/\/clienti.prolifeclinics.ro\/index.php\/wp-json\/wp\/v2\/pages\/4770"}],"collection":[{"href":"https:\/\/clienti.prolifeclinics.ro\/index.php\/wp-json\/wp\/v2\/pages"}],"about":[{"href":"https:\/\/clienti.prolifeclinics.ro\/index.php\/wp-json\/wp\/v2\/types\/page"}],"author":[{"embeddable":true,"href":"https:\/\/clienti.prolifeclinics.ro\/index.php\/wp-json\/wp\/v2\/users\/1"}],"replies":[{"embeddable":true,"href":"https:\/\/clienti.prolifeclinics.ro\/index.php\/wp-json\/wp\/v2\/comments?post=4770"}],"version-history":[{"count":0,"href":"https:\/\/clienti.prolifeclinics.ro\/index.php\/wp-json\/wp\/v2\/pages\/4770\/revisions"}],"wp:featuredmedia":[{"embeddable":true,"href":"https:\/\/clienti.prolifeclinics.ro\/index.php\/wp-json\/"}],"wp:attachment":[{"href":"https:\/\/clienti.prolifeclinics.ro\/index.php\/wp-json\/wp\/v2\/media?parent=4770"}],"curies":[{"name":"wp","href":"https:\/\/api.w.org\/{rel}","templated":true}]}}