{"id":5903,"date":"2014-12-02T10:11:12","date_gmt":"2014-12-02T08:11:12","guid":{"rendered":"http:\/\/test.prolifeclinics.ro\/?page_id=83"},"modified":"2014-12-02T10:11:12","modified_gmt":"2014-12-02T08:11:12","slug":"83-2","status":"publish","type":"page","link":"https:\/\/clienti.prolifeclinics.ro\/index.php\/management\/83-2\/","title":{"rendered":"Informatii referitoare la institutiile partenere"},"content":{"rendered":"<h4>Vital Test\u00a0<a href=\"http:\/\/prolifeclinics.ro\/wp-content\/uploads\/2014\/12\/cmsmadesimple-logo-e1417457312793.png\"><img loading=\"lazy\" decoding=\"async\" class=\"alignright wp-image-62\" src=\"http:\/\/prolifeclinics.ro\/wp-content\/uploads\/2014\/12\/cmsmadesimple-logo-e1417457312793.png\" alt=\"cmsmadesimple-logo\" width=\"185\" height=\"48\" \/><\/a><\/h4>\n<address>Adresa:<br \/>\nIasi, Str. Ion Creanga nr. 18<br \/>\n(langa Spitalul de Neurochirurgie)<br \/>\nTel\/Fax: 0232.274.778Jacob<br \/>\nTel\/Fax: 0232.274.779<br \/>\ne-mail: office@vitaltest.rohttp:\/\/www.vitaltest.ro<\/address>\n<address>\u00a0<\/address>\n<h3><strong>IRO Iasi \u2013\u00a0Program Screening Col Uterin<img loading=\"lazy\" decoding=\"async\" class=\"alignnone wp-image-76  alignright\" src=\"http:\/\/prolifeclinics.ro\/wp-content\/uploads\/2014\/12\/Untitled.png\" alt=\"Untitled\" width=\"170\" height=\"73\" \/><\/strong><\/h3>\n<address>Telefon:<\/address>\n<address>0374 27 88 10<\/address>\n<address>0374 27 88 11<\/address>\n<address>Fax: 0374 27 88 02<\/address>\n<address>E-mail: oncoiasi@iroiasi.ro<\/address>\n<address><a href=\"http:\/\/iroiasi.ro\/web\/portal-medical\/program-screening-col-uterin\">http:\/\/www.iroiasi.ro<\/a><\/address>\n<address>\u00a0<\/address>\n<address>\n<h3>Penitenciarul Iasi<img loading=\"lazy\" decoding=\"async\" class=\" wp-image-77 alignright\" src=\"http:\/\/prolifeclinics.ro\/wp-content\/uploads\/2014\/12\/sigla_minister.png\" alt=\"sigla_minister\" width=\"83\" height=\"83\" \/><\/h3>\n<p>Ia\u015fi, Str. Dr. Vicol 10<br \/>\nNr. tel\/fax. : 0232-216700 \/ 0332-425865<br \/>\ne-mail : piasi (at) anp.gov.ro<\/p>\n<p>&nbsp;<\/p>\n<\/address>\n<h4>CMI Iacob<\/h4>\n<address>Dr. Iacob Constantin<br \/>\nSpecialitatea: Radiologie si imagistica medicala<br \/>\nTelefon: 0232-227445;0332-808706; 0740-203574; 0744-337465<\/address>\n<address>Localitate: IASI<br \/>\nJudetul: Iasi<\/address>\n<address>e-mail: cdrinicolina@gmail.com<\/address>\n<address>Site web oficial:<br \/>\n\u2013 www.cabinetenicolina.ro<br \/>\n\u2013 www.rxiacob.ro<\/address>\n<address>\u00a0<\/address>\n<h4>Baby Care<\/h4>\n<address>Str: Calea Calarasilor Nr. 253 Bl.67 Sc.1 Ap.3 Parter<br \/>\nSector 3 &#8211; Bucuresti<br \/>\nNumar de telefon: 0728.667.800 \/ 0726.757.396\u00a0<\/address>\n<h4><\/h4>\n<h4>Protectia copilului<\/h4>\n<address>Adresa:<br \/>\nStrada Vasile Lupu, nr. 57A, cod postal 700309<\/address>\n<address>Telefon:<br \/>\n0232\/477.731<br \/>\n0232\/474.800<\/address>\n<address>Fax:<br \/>\n0232\/279.654<\/address>\n<address>Telefonul de Urgenta:<br \/>\n983<\/address>\n<address>Responsabil relatii publice:<br \/>\n0729\/995.763 si 0232\/211.812<\/address>\n<address>E-mail:<br \/>\ndasiasi@iasi.rdsmail.ro<\/address>\n<p>&nbsp;<\/p>\n<h4>Azilul de batrani \u2013 Bucium<\/h4>\n<address>\u201cSfin\u0163ii \u00cemp\u0103ra\u0163i Constantin \u015fi Elena\u201d<\/address>\n<address>Adresa: Str. Mihail Cornea, nr.40-46<\/address>\n<address>Telefon: 0232 218865.<\/address>\n","protected":false},"excerpt":{"rendered":"<p>Vital Test\u00a0 Adresa: Iasi, Str. Ion Creanga nr. 18 (langa Spitalul de Neurochirurgie) Tel\/Fax: 0232.274.778Jacob Tel\/Fax: 0232.274.779 e-mail: office@vitaltest.rohttp:\/\/www.vitaltest.ro \u00a0 IRO Iasi \u2013\u00a0Program Screening Col Uterin Telefon: 0374 27 88 10 0374 27 88 11 Fax: 0374 27 88 02 E-mail: oncoiasi@iroiasi.ro http:\/\/www.iroiasi.ro \u00a0 Penitenciarul Iasi Ia\u015fi, Str. Dr. Vicol 10 Nr. tel\/fax. : 0232-216700 [&hellip;]<\/p>\n","protected":false},"author":1,"featured_media":0,"parent":5897,"menu_order":0,"comment_status":"closed","ping_status":"closed","template":"","meta":{"footnotes":""},"_links":{"self":[{"href":"https:\/\/clienti.prolifeclinics.ro\/index.php\/wp-json\/wp\/v2\/pages\/5903"}],"collection":[{"href":"https:\/\/clienti.prolifeclinics.ro\/index.php\/wp-json\/wp\/v2\/pages"}],"about":[{"href":"https:\/\/clienti.prolifeclinics.ro\/index.php\/wp-json\/wp\/v2\/types\/page"}],"author":[{"embeddable":true,"href":"https:\/\/clienti.prolifeclinics.ro\/index.php\/wp-json\/wp\/v2\/users\/1"}],"replies":[{"embeddable":true,"href":"https:\/\/clienti.prolifeclinics.ro\/index.php\/wp-json\/wp\/v2\/comments?post=5903"}],"version-history":[{"count":0,"href":"https:\/\/clienti.prolifeclinics.ro\/index.php\/wp-json\/wp\/v2\/pages\/5903\/revisions"}],"up":[{"embeddable":true,"href":"https:\/\/clienti.prolifeclinics.ro\/index.php\/wp-json\/wp\/v2\/pages\/5897"}],"wp:attachment":[{"href":"https:\/\/clienti.prolifeclinics.ro\/index.php\/wp-json\/wp\/v2\/media?parent=5903"}],"curies":[{"name":"wp","href":"https:\/\/api.w.org\/{rel}","templated":true}]}}