{"id":5909,"date":"2014-12-02T12:41:21","date_gmt":"2014-12-02T10:41:21","guid":{"rendered":"http:\/\/test.prolifeclinics.ro\/?page_id=118"},"modified":"2014-12-02T12:41:21","modified_gmt":"2014-12-02T10:41:21","slug":"criterii-de-internare","status":"publish","type":"page","link":"https:\/\/clienti.prolifeclinics.ro\/index.php\/criterii-de-internare\/","title":{"rendered":"Conditii de internare"},"content":{"rendered":"<h2 style=\"text-align: center;\">Conditii de internare<\/h2>\n<p>&nbsp;<\/p>\n<p>Pacientul se programeaza personal sau telefonic pe lista de asteptare a medicilor cardiologi, aceasta lista este inregistrata pe sit-ul CNAS Iasi cu o seara inainte de internare si contine: nume, prenume, CNP-ul pacientului si numarul de telefon al acestuia.<\/p>\n<p>Conform HG 400 \/19.05.2014, punctul 11 :<\/p>\n<p>Serviciile medicale spitalice\u015fti \u00een regim de spitalizare continu\u0103 \u015fi de zi se acord\u0103 pe baza biletului de internare eliberat de:<\/p>\n<p>&#8211; medicul de familie;<\/p>\n<p>&#8211; medicul de specialitate din unit\u0103\u0163ile sanitare ambulatorii, indiferent de forma de organizare;<\/p>\n<p>&#8211; medicii din unit\u0103\u0163ile de asisten\u0163\u0103 medico-social\u0103;<\/p>\n<p>&#8211; medicii din centrele de dializ\u0103 private aflate \u00een rela\u0163ie contractual\u0103 cu CNAS<\/p>\n<p>&#8211; medicii care \u00ee\u015fi desf\u0103\u015foar\u0103 activitatea \u00een dispensare TBC, \u00een laboratoare de s\u0103n\u0103tate mintal\u0103, respectiv \u00een centre de s\u0103n\u0103tate mintal\u0103 \u015fi sta\u0163ionar de zi psihiatrie, \u00een cabinete de medicin\u0103 dentar\u0103 care nu se afl\u0103 \u00een rela\u0163ie contractual\u0103 cu casele de asigur\u0103ri de s\u0103n\u0103tate \u015fi care se afl\u0103 \u00een structura spitalelor ca unit\u0103\u0163i f\u0103r\u0103 personalitate juridic\u0103;<\/p>\n<p>&#8211; medicii de medicina muncii.<\/p>\n<p>Conform HG 400 \/19.05.2014, punctul 12 :<\/p>\n<p>Nu se solicit\u0103 bilet de internare \u00een urm\u0103toarele situa\u0163ii:<\/p>\n<p>&#8211; cazurile care au recomandare de internare \u00eentr-un spital ca urmare a unei scrisori medicale acordate de medicii din ambulatoriul integrat al spitalului respectiv, afla\u0163i \u00een rela\u0163ie contractual\u0103 cu casele de asigur\u0103ri de s\u0103n\u0103tate;<\/p>\n<p>Pacientul se prezinta cu<\/p>\n<p>&#8211; buletinul<\/p>\n<p>&#8211; dovada calitatii de asigurat (cupon pensie, adeverinta salariat, certificat de handicap)<\/p>\n<p>&#8211; biletul de trimere \/ scrisoare medicala medic specialist<\/p>\n<p>&#8211; cardul de s\u0103n\u0103tate<\/p>\n","protected":false},"excerpt":{"rendered":"<p>Conditii de internare &nbsp; Pacientul se programeaza personal sau telefonic pe lista de asteptare a medicilor cardiologi, aceasta lista este inregistrata pe sit-ul CNAS Iasi cu o seara inainte de internare si contine: nume, prenume, CNP-ul pacientului si numarul de telefon al acestuia. Conform HG 400 \/19.05.2014, punctul 11 : Serviciile medicale spitalice\u015fti \u00een regim [&hellip;]<\/p>\n","protected":false},"author":1,"featured_media":0,"parent":0,"menu_order":0,"comment_status":"closed","ping_status":"closed","template":"","meta":{"footnotes":""},"_links":{"self":[{"href":"https:\/\/clienti.prolifeclinics.ro\/index.php\/wp-json\/wp\/v2\/pages\/5909"}],"collection":[{"href":"https:\/\/clienti.prolifeclinics.ro\/index.php\/wp-json\/wp\/v2\/pages"}],"about":[{"href":"https:\/\/clienti.prolifeclinics.ro\/index.php\/wp-json\/wp\/v2\/types\/page"}],"author":[{"embeddable":true,"href":"https:\/\/clienti.prolifeclinics.ro\/index.php\/wp-json\/wp\/v2\/users\/1"}],"replies":[{"embeddable":true,"href":"https:\/\/clienti.prolifeclinics.ro\/index.php\/wp-json\/wp\/v2\/comments?post=5909"}],"version-history":[{"count":0,"href":"https:\/\/clienti.prolifeclinics.ro\/index.php\/wp-json\/wp\/v2\/pages\/5909\/revisions"}],"wp:attachment":[{"href":"https:\/\/clienti.prolifeclinics.ro\/index.php\/wp-json\/wp\/v2\/media?parent=5909"}],"curies":[{"name":"wp","href":"https:\/\/api.w.org\/{rel}","templated":true}]}}