{"id":5923,"date":"2019-09-26T21:27:42","date_gmt":"2019-09-26T21:27:42","guid":{"rendered":"http:\/\/prolifeclinics.ro\/?page_id=2"},"modified":"2019-09-26T21:27:42","modified_gmt":"2019-09-26T21:27:42","slug":"pagina-exemplu","status":"publish","type":"page","link":"https:\/\/clienti.prolifeclinics.ro\/index.php\/pagina-exemplu\/","title":{"rendered":"Pagin\u0103 exemplu"},"content":{"rendered":"\n<p>Aceasta este o pagin\u0103 exemplu. Este diferit\u0103 de un articol de blog deoarece ea va r\u0103m\u00e2ne \u00eentr-un singur loc \u0219i va ap\u0103rea \u00een navigarea pe situl t\u0103u (\u00een majoritatea temelor). Foarte multe persoane \u00eencep cu o pagin\u0103 Despre \u00een care se prezint\u0103 poten\u021bialilor vizitatori ai sitului. Ar putea spune ceva de genul acesta:<\/p>\n\n\n\n<blockquote class=\"wp-block-quote is-layout-flow wp-block-quote-is-layout-flow\"><p>Salut! \u00cen timpul zilei sunt un curier pe biciclet\u0103 iar noaptea un actor \u00een devenire \u0219i-acesta este situl meu. Locuiesc \u00een Bucure\u0219ti, am un c\u00e2ine grozav pe care-l cheam\u0103 Max \u0219i-mi place berea. (\u0218i s\u0103 m\u0103 prind\u0103 ploaia pe-afar\u0103).<\/p><\/blockquote>\n\n\n\n<p>&#8230; sau ceva de genul:<\/p>\n\n\n\n<blockquote class=\"wp-block-quote is-layout-flow wp-block-quote-is-layout-flow\"><p>Compania XYZ M\u0103ru\u021bi\u0219uri SRL a fost \u00eenfiin\u021bat\u0103 \u00een 1990 \u0219i de atunci ofer\u0103 publicului m\u0103run\u021bi\u0219uri de calitate. Aflat\u0103 \u00een ora\u0219ul Caracal, XYZ angajeaz\u0103 peste 2000 de oameni \u0219i face \u0219i o sum\u0103 de lucruri deosebite pentru comunitatea din Caracal.<\/p><\/blockquote>\n\n\n\n<p>Ca utilizator WordPress nou, ar trebui s\u0103 mergi la <a href=\"http:\/\/prolifeclinics.ro\/wp-admin\/\">Panoul t\u0103u de control<\/a> ca s\u0103 \u0219tergi aceast\u0103 pagin\u0103 \u0219i s\u0103 creezi pagini noi pentru con\u021binutul t\u0103u. Distrac\u021bie pl\u0103cut\u0103!<\/p>\n","protected":false},"excerpt":{"rendered":"<p>Aceasta este o pagin\u0103 exemplu. Este diferit\u0103 de un articol de blog deoarece ea va r\u0103m\u00e2ne \u00eentr-un singur loc \u0219i va ap\u0103rea \u00een navigarea pe situl t\u0103u (\u00een majoritatea temelor). Foarte multe persoane \u00eencep cu o pagin\u0103 Despre \u00een care se prezint\u0103 poten\u021bialilor vizitatori ai sitului. Ar putea spune ceva de genul acesta: Salut! \u00cen [&hellip;]<\/p>\n","protected":false},"author":1,"featured_media":0,"parent":0,"menu_order":0,"comment_status":"closed","ping_status":"open","template":"","meta":{"footnotes":""},"_links":{"self":[{"href":"https:\/\/clienti.prolifeclinics.ro\/index.php\/wp-json\/wp\/v2\/pages\/5923"}],"collection":[{"href":"https:\/\/clienti.prolifeclinics.ro\/index.php\/wp-json\/wp\/v2\/pages"}],"about":[{"href":"https:\/\/clienti.prolifeclinics.ro\/index.php\/wp-json\/wp\/v2\/types\/page"}],"author":[{"embeddable":true,"href":"https:\/\/clienti.prolifeclinics.ro\/index.php\/wp-json\/wp\/v2\/users\/1"}],"replies":[{"embeddable":true,"href":"https:\/\/clienti.prolifeclinics.ro\/index.php\/wp-json\/wp\/v2\/comments?post=5923"}],"version-history":[{"count":0,"href":"https:\/\/clienti.prolifeclinics.ro\/index.php\/wp-json\/wp\/v2\/pages\/5923\/revisions"}],"wp:attachment":[{"href":"https:\/\/clienti.prolifeclinics.ro\/index.php\/wp-json\/wp\/v2\/media?parent=5923"}],"curies":[{"name":"wp","href":"https:\/\/api.w.org\/{rel}","templated":true}]}}