{"id":6225,"date":"2025-01-29T10:23:24","date_gmt":"2025-01-29T10:23:24","guid":{"rendered":"https:\/\/clienti.prolifeclinics.ro\/?page_id=6225"},"modified":"2025-01-29T10:27:11","modified_gmt":"2025-01-29T10:27:11","slug":"incontinenta-urinara-nu-trebuie-sa-iti-limiteze-viata","status":"publish","type":"page","link":"https:\/\/clienti.prolifeclinics.ro\/index.php\/incontinenta-urinara-nu-trebuie-sa-iti-limiteze-viata\/","title":{"rendered":"INCONTINEN\u021aA URINAR\u0102 NU TREBUIE S\u0102 \u00ce\u021aI LIMITEZE VIA\u021aA!"},"content":{"rendered":"\n<h2 class=\"wp-block-heading has-text-align-center\"><strong>Fa o programare acum: 0721 454 915<\/strong><\/h2>\n\n\n\n<figure class=\"wp-block-image size-large\"><img loading=\"lazy\" decoding=\"async\" width=\"1024\" height=\"683\" src=\"https:\/\/clienti.prolifeclinics.ro\/wp-content\/uploads\/2025\/01\/BTL_Emsella_PIC_Chair-model_2087-1-1024x683.jpeg\" alt=\"\" class=\"wp-image-6226\" srcset=\"https:\/\/clienti.prolifeclinics.ro\/wp-content\/uploads\/2025\/01\/BTL_Emsella_PIC_Chair-model_2087-1-1024x683.jpeg 1024w, https:\/\/clienti.prolifeclinics.ro\/wp-content\/uploads\/2025\/01\/BTL_Emsella_PIC_Chair-model_2087-1-300x200.jpeg 300w, https:\/\/clienti.prolifeclinics.ro\/wp-content\/uploads\/2025\/01\/BTL_Emsella_PIC_Chair-model_2087-1-768x512.jpeg 768w, https:\/\/clienti.prolifeclinics.ro\/wp-content\/uploads\/2025\/01\/BTL_Emsella_PIC_Chair-model_2087-1-1536x1024.jpeg 1536w, https:\/\/clienti.prolifeclinics.ro\/wp-content\/uploads\/2025\/01\/BTL_Emsella_PIC_Chair-model_2087-1-2048x1365.jpeg 2048w\" sizes=\"(max-width: 1024px) 100vw, 1024px\" \/><\/figure>\n\n\n\n<p><strong>Spune adio disconfortului! Solu\u021bii moderne pentru incontinen\u021ba urinar\u0103 \u2013 eficiente, discrete \u0219i personalizate pentru tine<\/strong><\/p>\n\n\n\n<p><\/p>\n\n\n\n<p><strong>Rec\u00e2\u0219tig\u0103 controlul \u2013 rapid, eficient \u0219i la cel mai mic pre\u021b!<\/strong><\/p>\n\n\n\n<p>Incontinen\u021ba urinar\u0103 nu trebuie s\u0103 \u00ee\u021bi limiteze via\u021ba! Dac\u0103 te confrun\u021bi cu pierderi urinare involuntare, exist\u0103 solu\u021bii moderne, non-invazive \u0219i extrem de eficiente.<\/p>\n\n\n\n<p>Descoper\u0103 <strong>BTL Emsella<\/strong>, tehnologia revolu\u021bionar\u0103 care \u00ee\u021bi \u00eent\u0103re\u0219te musculatura plan\u0219eului pelvian prin stimulare electromagnetic\u0103 de \u00eenalt\u0103 intensitate. O \u0219edin\u021b\u0103 de doar 30 de minute echivaleaz\u0103 cu peste <strong>11.000 de exerci\u021bii Kegel<\/strong>, f\u0103r\u0103 efort \u0219i f\u0103r\u0103 disconfort!<\/p>\n\n\n\n<p>&#x1f499; <strong>Cel mai mic pre\u021b<\/strong> \u2013 pentru ca tu s\u0103 beneficiezi de cea mai avansat\u0103 solu\u021bie la un cost accesibil!<br>&#x1f499; <strong>F\u0103r\u0103 durere, f\u0103r\u0103 timp de recuperare<\/strong> \u2013 po\u021bi reveni imediat la activit\u0103\u021bile tale zilnice!<br>&#x1f499; <strong>Rezultate rapide<\/strong> \u2013 mul\u021bi pacien\u021bi observ\u0103 \u00eembun\u0103t\u0103\u021biri chiar dup\u0103 primele \u0219edin\u021be!<\/p>\n\n\n\n<p>Nu l\u0103sa incontinen\u021ba s\u0103 \u00ee\u021bi dicteze ritmul vie\u021bii! <strong>Programeaz\u0103-te acum<\/strong> \u0219i redescoper\u0103 libertatea \u0219i \u00eencrederea \u00een tine!<\/p>\n","protected":false},"excerpt":{"rendered":"<p>Fa o programare acum: 0721 454 915 Spune adio disconfortului! Solu\u021bii moderne pentru incontinen\u021ba urinar\u0103 \u2013 eficiente, discrete \u0219i personalizate pentru tine Rec\u00e2\u0219tig\u0103 controlul \u2013 rapid, eficient \u0219i la cel mai mic pre\u021b! Incontinen\u021ba urinar\u0103 nu trebuie s\u0103 \u00ee\u021bi limiteze via\u021ba! Dac\u0103 te confrun\u021bi cu pierderi urinare involuntare, exist\u0103 solu\u021bii moderne, non-invazive \u0219i extrem de [&hellip;]<\/p>\n","protected":false},"author":1,"featured_media":0,"parent":0,"menu_order":0,"comment_status":"closed","ping_status":"closed","template":"","meta":{"footnotes":""},"_links":{"self":[{"href":"https:\/\/clienti.prolifeclinics.ro\/index.php\/wp-json\/wp\/v2\/pages\/6225"}],"collection":[{"href":"https:\/\/clienti.prolifeclinics.ro\/index.php\/wp-json\/wp\/v2\/pages"}],"about":[{"href":"https:\/\/clienti.prolifeclinics.ro\/index.php\/wp-json\/wp\/v2\/types\/page"}],"author":[{"embeddable":true,"href":"https:\/\/clienti.prolifeclinics.ro\/index.php\/wp-json\/wp\/v2\/users\/1"}],"replies":[{"embeddable":true,"href":"https:\/\/clienti.prolifeclinics.ro\/index.php\/wp-json\/wp\/v2\/comments?post=6225"}],"version-history":[{"count":2,"href":"https:\/\/clienti.prolifeclinics.ro\/index.php\/wp-json\/wp\/v2\/pages\/6225\/revisions"}],"predecessor-version":[{"id":6229,"href":"https:\/\/clienti.prolifeclinics.ro\/index.php\/wp-json\/wp\/v2\/pages\/6225\/revisions\/6229"}],"wp:attachment":[{"href":"https:\/\/clienti.prolifeclinics.ro\/index.php\/wp-json\/wp\/v2\/media?parent=6225"}],"curies":[{"name":"wp","href":"https:\/\/api.w.org\/{rel}","templated":true}]}}