{"id":6247,"date":"2025-09-21T13:52:22","date_gmt":"2025-09-21T13:52:22","guid":{"rendered":"https:\/\/clienti.prolifeclinics.ro\/?page_id=6247"},"modified":"2025-09-21T13:54:40","modified_gmt":"2025-09-21T13:54:40","slug":"doctor-2","status":"publish","type":"page","link":"https:\/\/clienti.prolifeclinics.ro\/index.php\/doctor-2\/","title":{"rendered":"Doctor"},"content":{"rendered":"\n<p>[doctors_grid] ; \/\/ coloane auto, responsive<br>[doctors_grid cols=&#8221;3&#8243;] ; \/\/ for\u021beaz\u0103 3 coloane pe desktop<br>[doctors_grid specialty=&#8221;cardiologie,diabet&#8221;] ; \/\/ filtreaz\u0103 dup\u0103 specialit\u0103\u021bi<\/p>\n\n\n\n<pre class=\"wp-block-code\"><code>&#91;doctors_grid]              ; \/\/ coloane auto, responsive\n&#91;doctors_grid cols=\"3\"]     ; \/\/ for\u021beaz\u0103 3 coloane pe desktop\n&#91;doctors_grid specialty=\"cardiologie,diabet\"] ; \/\/ filtreaz\u0103 dup\u0103 specialit\u0103\u021bi\n<\/code><\/pre>\n\n\n\n[doctors_grid]              ; \/\/ coloane auto, responsive\n[doctors_grid cols=&#8221;3&#8243;]     ; \/\/ for\u021beaz\u0103 3 coloane pe desktop\n[doctors_grid specialty=&#8221;cardiologie,diabet&#8221;] ; \/\/ filtreaz\u0103 dup\u0103 specialit\u0103\u021bi\n\n","protected":false},"excerpt":{"rendered":"<p>[doctors_grid] ; \/\/ coloane auto, responsive[doctors_grid cols=&#8221;3&#8243;] ; \/\/ for\u021beaz\u0103 3 coloane pe desktop[doctors_grid specialty=&#8221;cardiologie,diabet&#8221;] ; \/\/ filtreaz\u0103 dup\u0103 specialit\u0103\u021bi [doctors_grid] ; \/\/ coloane auto, responsive [doctors_grid cols=&#8221;3&#8243;] ; \/\/ for\u021beaz\u0103 3 coloane pe desktop [doctors_grid specialty=&#8221;cardiologie,diabet&#8221;] ; \/\/ filtreaz\u0103 dup\u0103 specialit\u0103\u021bi<\/p>\n","protected":false},"author":1,"featured_media":0,"parent":0,"menu_order":0,"comment_status":"closed","ping_status":"closed","template":"","meta":{"footnotes":""},"_links":{"self":[{"href":"https:\/\/clienti.prolifeclinics.ro\/index.php\/wp-json\/wp\/v2\/pages\/6247"}],"collection":[{"href":"https:\/\/clienti.prolifeclinics.ro\/index.php\/wp-json\/wp\/v2\/pages"}],"about":[{"href":"https:\/\/clienti.prolifeclinics.ro\/index.php\/wp-json\/wp\/v2\/types\/page"}],"author":[{"embeddable":true,"href":"https:\/\/clienti.prolifeclinics.ro\/index.php\/wp-json\/wp\/v2\/users\/1"}],"replies":[{"embeddable":true,"href":"https:\/\/clienti.prolifeclinics.ro\/index.php\/wp-json\/wp\/v2\/comments?post=6247"}],"version-history":[{"count":4,"href":"https:\/\/clienti.prolifeclinics.ro\/index.php\/wp-json\/wp\/v2\/pages\/6247\/revisions"}],"predecessor-version":[{"id":6254,"href":"https:\/\/clienti.prolifeclinics.ro\/index.php\/wp-json\/wp\/v2\/pages\/6247\/revisions\/6254"}],"wp:attachment":[{"href":"https:\/\/clienti.prolifeclinics.ro\/index.php\/wp-json\/wp\/v2\/media?parent=6247"}],"curies":[{"name":"wp","href":"https:\/\/api.w.org\/{rel}","templated":true}]}}